{"id":6642,"date":"2020-05-07T17:36:36","date_gmt":"2020-05-07T15:36:36","guid":{"rendered":"https:\/\/tveyemusic.com\/?post_type=product&#038;p=6642"},"modified":"2020-12-24T11:06:57","modified_gmt":"2020-12-24T10:06:57","slug":"enma-fernandez-prado-ep-vinilo-7","status":"publish","type":"product","link":"https:\/\/tveyemusic.com\/en\/product\/enma-fernandez-prado-ep-vinilo-7\/","title":{"rendered":"ENMA FERNANDEZ &#8211; PRADO, EP Vinilo 7&#8243;"},"content":{"rendered":"<p>Oportunidad \u00fanica de Escuchar de antemano la m\u00fasica y adquirir una copia de esta edici\u00f3n limitada solo por esta semana por cortes\u00eda de Sleazy,\u00a0 adquirir este EP en vinilo de 7&#8243; antes de ponerse a la venta y Firmado por Enma Fernandez, solo para Fans y DJs! para los m\u00e1s r\u00e1pidos!!<\/p>\n<p><strong>ENMA FERNANDEZ &#8211; PRADO<\/strong>, EP Vinilo 7&#8243;<br \/>\nSleazy Records<\/p>\n<p>2 Songs of Mambo, Latin, Boogaloo!<br \/>\nside A &#8211; Prado!<br \/>\nSide B &#8211; Manny Machine<\/p>\n<p>&nbsp;<\/p>","protected":false},"excerpt":{"rendered":"<p>Oportunidad \u00fanica de Escuchar de antemano la m\u00fasica y adquirir una copia de esta edici\u00f3n limitada solo por esta semana por cortes\u00eda de Sleazy,\u00a0 adquirir este EP en vinilo de 7&#8243; antes de ponerse a la venta y Firmado por Enma Fernandez, solo para Fans y DJs! para los m\u00e1s r\u00e1pidos!!<\/p>\n<p><!--[if lt IE 9]><script>document.createElement('audio');<\/script><![endif]--><\/p>\n<div class=\"wp-playlist wp-audio-playlist wp-playlist-light\">\n<div class=\"wp-playlist-current-item\"><\/div>\n<p>\t\t<audio controls=\"controls\" preload=\"none\" width=\"1178\"\n\t\t\t><\/audio><\/p>\n<div class=\"wp-playlist-next\"><\/div>\n<div class=\"wp-playlist-prev\"><\/div>\n<p>\t<noscript><\/p>\n<ol>\n<li><a href='https:\/\/tveyemusic.com\/wp-content\/uploads\/2020\/05\/PRADO-ENMA_FERNANDEZ.mp3'>Prado<\/a><\/li>\n<li><a href='https:\/\/tveyemusic.com\/wp-content\/uploads\/2020\/05\/MANNY_MACHINE-ENMA_FERNANDEZ.mp3'>Manny Machine<\/a><\/li>\n<\/ol>\n<p>\t<\/noscript><br \/>\n\t<script type=\"application\/json\" class=\"wp-playlist-script\">{\"type\":\"audio\",\"tracklist\":true,\"tracknumbers\":true,\"images\":true,\"artists\":true,\"tracks\":[{\"src\":\"https:\\\/\\\/tveyemusic.com\\\/wp-content\\\/uploads\\\/2020\\\/05\\\/PRADO-ENMA_FERNANDEZ.mp3\",\"type\":\"audio\\\/mpeg\",\"title\":\"Prado\",\"caption\":\"\",\"description\":\"\\u00abPrado\\u00bb en Prado por Enma Fernandez. Lanzamiento: 2020. G\\u00e9nero: Latin.\",\"meta\":{\"artist\":\"Enma Fernandez\",\"album\":\"Prado\",\"genre\":\"Latin\",\"year\":\"2020\",\"length_formatted\":\"2:29\"},\"image\":{\"src\":\"https:\\\/\\\/tveyemusic.com\\\/wp-content\\\/uploads\\\/2020\\\/05\\\/MANNY_MACHINE-ENMA_FERNANDEZ-mp3-image.jpg\",\"width\":567,\"height\":567},\"thumb\":{\"src\":\"https:\\\/\\\/tveyemusic.com\\\/wp-content\\\/uploads\\\/2020\\\/05\\\/MANNY_MACHINE-ENMA_FERNANDEZ-mp3-image-150x150.jpg\",\"width\":150,\"height\":150}},{\"src\":\"https:\\\/\\\/tveyemusic.com\\\/wp-content\\\/uploads\\\/2020\\\/05\\\/MANNY_MACHINE-ENMA_FERNANDEZ.mp3\",\"type\":\"audio\\\/mpeg\",\"title\":\"Manny Machine\",\"caption\":\"\",\"description\":\"\\u00abManny Machine\\u00bb en Prado por Enma Fernandez. Lanzamiento: 2020. G\\u00e9nero: Latin.\",\"meta\":{\"artist\":\"Enma Fernandez\",\"album\":\"Prado\",\"genre\":\"Latin\",\"year\":\"2020\",\"length_formatted\":\"2:54\"},\"image\":{\"src\":\"https:\\\/\\\/tveyemusic.com\\\/wp-content\\\/uploads\\\/2020\\\/05\\\/MANNY_MACHINE-ENMA_FERNANDEZ-mp3-image.jpg\",\"width\":567,\"height\":567},\"thumb\":{\"src\":\"https:\\\/\\\/tveyemusic.com\\\/wp-content\\\/uploads\\\/2020\\\/05\\\/MANNY_MACHINE-ENMA_FERNANDEZ-mp3-image-150x150.jpg\",\"width\":150,\"height\":150}}]}<\/script>\n<\/div>\n<p><strong>ENMA FERNANDEZ<\/strong> &#8211; PRADO, EP Vinilo 7&#8243;<br \/>\nSleazy Records<\/p>\n<p>2 Songs of Mambo, Latin, Boogaloo!<br \/>\nside A &#8211; Prado!<br \/>\nSide B &#8211; Manny Machine<\/p>","protected":false},"featured_media":6643,"comment_status":"closed","ping_status":"closed","template":"","meta":[],"class_list":{"0":"post-6642","1":"product","2":"type-product","3":"status-publish","4":"has-post-thumbnail","6":"product_cat-music","7":"product_shipping_class-express","8":"entry","9":"has-media","12":"first","13":"outofstock","14":"shipping-taxable","15":"purchasable","16":"product-type-simple","17":"has-product-nav","18":"col","19":"span_1_of_4","20":"owp-content-center","21":"owp-thumbs-layout-horizontal","22":"owp-btn-normal","23":"owp-tabs-layout-horizontal"},"jetpack_sharing_enabled":true,"_links":{"self":[{"href":"https:\/\/tveyemusic.com\/en\/wp-json\/wp\/v2\/product\/6642","targetHints":{"allow":["GET"]}}],"collection":[{"href":"https:\/\/tveyemusic.com\/en\/wp-json\/wp\/v2\/product"}],"about":[{"href":"https:\/\/tveyemusic.com\/en\/wp-json\/wp\/v2\/types\/product"}],"replies":[{"embeddable":true,"href":"https:\/\/tveyemusic.com\/en\/wp-json\/wp\/v2\/comments?post=6642"}],"version-history":[{"count":13,"href":"https:\/\/tveyemusic.com\/en\/wp-json\/wp\/v2\/product\/6642\/revisions"}],"predecessor-version":[{"id":6673,"href":"https:\/\/tveyemusic.com\/en\/wp-json\/wp\/v2\/product\/6642\/revisions\/6673"}],"wp:featuredmedia":[{"embeddable":true,"href":"https:\/\/tveyemusic.com\/en\/wp-json\/wp\/v2\/media\/6643"}],"wp:attachment":[{"href":"https:\/\/tveyemusic.com\/en\/wp-json\/wp\/v2\/media?parent=6642"}],"curies":[{"name":"wp","href":"https:\/\/api.w.org\/{rel}","templated":true}]}}